{"id":358,"date":"2024-02-29T19:04:46","date_gmt":"2024-02-29T22:04:46","guid":{"rendered":"https:\/\/takapedra.fofinhorockclub.com.br\/index.php\/conta-de-associacao\/pagamento-da-associacao\/"},"modified":"2024-03-06T17:13:11","modified_gmt":"2024-03-06T20:13:11","slug":"pagamento-da-associacao","status":"publish","type":"page","link":"https:\/\/takapedra.fofinhorockclub.com.br\/index.php\/conta-de-associacao\/pagamento-da-associacao\/","title":{"rendered":"Pagamento da associa\u00e7\u00e3o"},"content":{"rendered":"<p>[pmpro_checkout]<\/p>\n<h1>ATEN\u00c7\u00c3O<\/h2>\n<p><b>Fa\u00e7a um PIX<\/b> para chave-pix: <b>associa@cetaloko.com.br<\/b>, envie o comprovante pelo bot\u00e3o WhatsApp no canto inferior direito do site e <b>DEPOIS<\/b> clique no bot\u00e3o acima <b>ENVIAR E FINALIZAR PAGAMENTO<\/b><\/p>\n<p> Seu acesso ficar\u00e1 PENDENTE at\u00e9 que o CETALOKO receba a confirma\u00e7\u00e3o de sua transfer\u00eancia, sendo liberado em seguida <\/p>\n<p><b>Se precisar falar conosco use o bot\u00e3o de WhatsApp no canto inferior direito do site<\/b><\/p>\n\n\n<div class=\"wp-block-buttons is-layout-flex wp-block-buttons-is-layout-flex\">\n<div class=\"wp-block-button has-custom-font-size\" style=\"font-size:15px\"><a class=\"wp-block-button__link has-white-color has-text-color has-background has-link-color wp-element-button\" style=\"background-color:#ff0000\" onclick=\"history.back();\">VOLTAR<\/a><\/div>\n<\/div>\n\n\n","protected":false},"excerpt":{"rendered":"<p>[pmpro_checkout] ATEN\u00c7\u00c3O Fa\u00e7a um PIX para chave-pix: associa@cetaloko.com.br, envie o comprovante pelo bot\u00e3o WhatsApp no canto inferior direito do site e DEPOIS clique no bot\u00e3o acima ENVIAR E FINALIZAR PAGAMENTO Seu acesso ficar\u00e1 PENDENTE at\u00e9 que o CETALOKO receba a confirma\u00e7\u00e3o de sua transfer\u00eancia, sendo liberado em seguida Se precisar falar conosco use o bot\u00e3o&#8230;<\/p>\n","protected":false},"author":1,"featured_media":0,"parent":355,"menu_order":0,"comment_status":"closed","ping_status":"closed","template":"","meta":{"pmpro_default_level":0,"footnotes":"","_joinchat":[]},"_links":{"self":[{"href":"https:\/\/takapedra.fofinhorockclub.com.br\/index.php\/wp-json\/wp\/v2\/pages\/358"}],"collection":[{"href":"https:\/\/takapedra.fofinhorockclub.com.br\/index.php\/wp-json\/wp\/v2\/pages"}],"about":[{"href":"https:\/\/takapedra.fofinhorockclub.com.br\/index.php\/wp-json\/wp\/v2\/types\/page"}],"author":[{"embeddable":true,"href":"https:\/\/takapedra.fofinhorockclub.com.br\/index.php\/wp-json\/wp\/v2\/users\/1"}],"replies":[{"embeddable":true,"href":"https:\/\/takapedra.fofinhorockclub.com.br\/index.php\/wp-json\/wp\/v2\/comments?post=358"}],"version-history":[{"count":22,"href":"https:\/\/takapedra.fofinhorockclub.com.br\/index.php\/wp-json\/wp\/v2\/pages\/358\/revisions"}],"predecessor-version":[{"id":741,"href":"https:\/\/takapedra.fofinhorockclub.com.br\/index.php\/wp-json\/wp\/v2\/pages\/358\/revisions\/741"}],"up":[{"embeddable":true,"href":"https:\/\/takapedra.fofinhorockclub.com.br\/index.php\/wp-json\/wp\/v2\/pages\/355"}],"wp:attachment":[{"href":"https:\/\/takapedra.fofinhorockclub.com.br\/index.php\/wp-json\/wp\/v2\/media?parent=358"}],"curies":[{"name":"wp","href":"https:\/\/api.w.org\/{rel}","templated":true}]}}