{"id":290,"date":"2024-02-28T17:58:06","date_gmt":"2024-02-28T20:58:06","guid":{"rendered":"https:\/\/takapedra.fofinhorockclub.com.br\/?page_id=290"},"modified":"2024-03-08T14:52:13","modified_gmt":"2024-03-08T17:52:13","slug":"experimente-antes-de-assinar","status":"publish","type":"page","link":"https:\/\/takapedra.fofinhorockclub.com.br\/","title":{"rendered":"\u00a0"},"content":{"rendered":"\n<div class=\"wp-block-columns is-layout-flex wp-container-core-columns-layout-1 wp-block-columns-is-layout-flex\">\n<div class=\"wp-block-column is-layout-flow wp-block-column-is-layout-flow\">\n\n\n\n<p class=\"has-small-font-size\">&nbsp;<\/p>\n\n\n\n<div class=\"wp-block-buttons background-color: #000000; is-content-justification-center is-layout-flex wp-container-core-buttons-layout-1 wp-block-buttons-is-layout-flex\">\n<div class=\"wp-block-button has-custom-font-size is-style-fill has-small-font-size\"><a class=\"wp-block-button__link has-white-color has-text-color has-background has-link-color wp-element-button\" href=\"https:\/\/takapedra.fofinhorockclub.com.br\/index.php\/conta-de-associacao\/pagamento-da-associacao\/\" style=\"background-color:#ff0000\">ASSINAR<\/a><\/div>\n\n\n\n<div class=\"wp-block-button has-custom-font-size is-style-fill has-small-font-size\"><a class=\"wp-block-button__link has-white-color has-text-color has-background has-link-color wp-element-button\" href=\"https:\/\/takapedra.fofinhorockclub.com.br\/index.php\/escolha-o-que-deseja-ver-ou-ouvir\/\" style=\"background-color:#ff0000\">ASSISTIR<\/a><\/div>\n\n\n\n<div class=\"wp-block-button has-custom-font-size is-style-outline has-small-font-size\"><a class=\"wp-block-button__link has-white-color has-text-color has-background has-link-color wp-element-button\" href=\"https:\/\/takapedra.fofinhorockclub.com.br\/index.php\/category\/gratis\" style=\"background-color:#ff0000\">GR\u00c1TIS<\/a><\/div>\n<\/div>\n<\/div>\n\n\n\n<div class=\"wp-block-column is-layout-flow wp-block-column-is-layout-flow\">\n\n<figure class=\"wp-block-image size-full\"><img loading=\"lazy\" decoding=\"async\" width=\"1021\" height=\"580\" src=\"https:\/\/takapedra.fofinhorockclub.com.br\/wp-content\/uploads\/2024\/03\/youtube-logo2-1021x580-1.png\" alt=\"\" class=\"wp-image-810\" srcset=\"https:\/\/takapedra.fofinhorockclub.com.br\/wp-content\/uploads\/2024\/03\/youtube-logo2-1021x580-1.png 1021w, https:\/\/takapedra.fofinhorockclub.com.br\/wp-content\/uploads\/2024\/03\/youtube-logo2-1021x580-1-300x170.png 300w, https:\/\/takapedra.fofinhorockclub.com.br\/wp-content\/uploads\/2024\/03\/youtube-logo2-1021x580-1-768x436.png 768w\" sizes=\"(max-width: 1021px) 100vw, 1021px\" \/><\/figure>\n<\/div>\n<\/div>\n\n\n\n<hr\/>\n<br>\n\n\n\n<div class=\"wp-block-buttons is-layout-flex wp-block-buttons-is-layout-flex\">\n<div class=\"wp-block-button has-custom-width wp-block-button__width-50\"><a class=\"wp-block-button__link has-white-color has-text-color has-background has-link-color wp-element-button\" href=\"https:\/\/takapedra.fofinhorockclub.com.br\/index.php\/2024\/03\/08\/personagens\/\" style=\"background-color:#ff0000\">Personagens<\/a><\/div>\n\n\n\n<div class=\"wp-block-button has-custom-width wp-block-button__width-50\"><a class=\"wp-block-button__link has-white-color has-text-color has-background has-link-color wp-element-button\" href=\"https:\/\/takapedra.fofinhorockclub.com.br\/index.php\/2024\/03\/08\/merchan-dos-patrocinadores\/\" style=\"background-color:#ff0000\">Merchan<\/a><\/div>\n<\/div>\n\n\n\n<hr\/>\n\n\n\n<p class=\"has-white-color has-text-color has-background has-link-color wp-elements-bc5d85b4ecac14aab12bc90a2b578a4a\" style=\"background-color:#ff0000;font-size:20px\"><strong>IMPORTANTE:<\/strong><br><br>Todos os personagens, hist\u00f3rias, produtos, marcas, empresas, telefones, locais, endere\u00e7os, pa\u00edses, fatos e acontecimentos contidos nestes esquetes humor\u00edsticos, s\u00e3o puramente fict\u00edcios.<br><br>Em absolutamente nada tem a ver com a vida real, assim como as opini\u00f5es e posicionamentos do autor!<\/p>\n\n\n\n<hr\/>\n\n\n\n<p class=\"has-medium-font-size\"><img decoding=\"async\" src=\"\" alt=\"\ud83d\udce2\"><strong>&nbsp;Aviso Importante: Respeito aos Direitos Autorais<\/strong><\/p>\n\n\n\n<p>Prezados usu\u00e1rios,<\/p>\n\n\n\n<p>Gostar\u00edamos de lembrar que todo conte\u00fado digital hospedado em nosso site, seja em forma de textos, imagens, v\u00eddeos, \u00e1udios ou qualquer outro material, est\u00e1 sujeito a direitos autorais. O respeito a esses direitos \u00e9 fundamental para manter um ambiente saud\u00e1vel e legal.<\/p>\n\n\n\n<p><strong>O que voc\u00ea precisa saber:<\/strong><\/p>\n\n\n\n<ol>\n<li>Prote\u00e7\u00e3o Legal:&nbsp;A Lei de Direitos Autorais (LDA) (Lei 9.610\/98) protege obras art\u00edsticas e cient\u00edficas, independentemente do meio em que s\u00e3o expressas. Isso inclui o cen\u00e1rio digital e virtual.<\/li>\n\n\n\n<li>Direitos do Criador:&nbsp;O autor de conte\u00fado digital possui direitos morais e patrimoniais sobre sua obra. Isso significa que ele tem o direito exclusivo de utiliza\u00e7\u00e3o, publica\u00e7\u00e3o e reprodu\u00e7\u00e3o do material produzido.<\/li>\n<\/ol>\n\n\n\n<p>Lembramos que a viola\u00e7\u00e3o de direitos autorais \u00e9 uma infra\u00e7\u00e3o grave e pode resultar em consequ\u00eancias legais. Seja \u00e9tico, respeite os criadores e contribua para um ambiente digital mais justo e criativo.<\/p>\n\n\n\n<p>Contamos com a colabora\u00e7\u00e3o de todos para manter nossa plataforma em conformidade com as leis e regulamentos vigentes.<\/p>\n\n\n\n<p>Atenciosamente,<br><br>Equipe CETALOKO.<\/p>\n","protected":false},"excerpt":{"rendered":"<p>&nbsp; IMPORTANTE: Todos os personagens, hist\u00f3rias, produtos, marcas, empresas, telefones, locais, endere\u00e7os, pa\u00edses, fatos e acontecimentos contidos nestes esquetes humor\u00edsticos, s\u00e3o puramente fict\u00edcios. Em absolutamente nada tem a ver com a vida real, assim como as opini\u00f5es e posicionamentos do autor! &nbsp;Aviso Importante: Respeito aos Direitos Autorais Prezados usu\u00e1rios, Gostar\u00edamos de lembrar que todo conte\u00fado&#8230;<\/p>\n","protected":false},"author":1,"featured_media":0,"parent":0,"menu_order":0,"comment_status":"closed","ping_status":"closed","template":"","meta":{"pmpro_default_level":0,"footnotes":"","_joinchat":[]},"_links":{"self":[{"href":"https:\/\/takapedra.fofinhorockclub.com.br\/index.php\/wp-json\/wp\/v2\/pages\/290"}],"collection":[{"href":"https:\/\/takapedra.fofinhorockclub.com.br\/index.php\/wp-json\/wp\/v2\/pages"}],"about":[{"href":"https:\/\/takapedra.fofinhorockclub.com.br\/index.php\/wp-json\/wp\/v2\/types\/page"}],"author":[{"embeddable":true,"href":"https:\/\/takapedra.fofinhorockclub.com.br\/index.php\/wp-json\/wp\/v2\/users\/1"}],"replies":[{"embeddable":true,"href":"https:\/\/takapedra.fofinhorockclub.com.br\/index.php\/wp-json\/wp\/v2\/comments?post=290"}],"version-history":[{"count":129,"href":"https:\/\/takapedra.fofinhorockclub.com.br\/index.php\/wp-json\/wp\/v2\/pages\/290\/revisions"}],"predecessor-version":[{"id":812,"href":"https:\/\/takapedra.fofinhorockclub.com.br\/index.php\/wp-json\/wp\/v2\/pages\/290\/revisions\/812"}],"wp:attachment":[{"href":"https:\/\/takapedra.fofinhorockclub.com.br\/index.php\/wp-json\/wp\/v2\/media?parent=290"}],"curies":[{"name":"wp","href":"https:\/\/api.w.org\/{rel}","templated":true}]}}